{"id":19,"date":"2025-07-31T22:18:19","date_gmt":"2025-07-31T22:18:19","guid":{"rendered":"https:\/\/recicladosreusa.com\/?page_id=19"},"modified":"2025-07-31T23:10:55","modified_gmt":"2025-07-31T23:10:55","slug":"acerca-de","status":"publish","type":"page","link":"https:\/\/recicladosreusa.com\/?page_id=19","title":{"rendered":"Acerca de"},"content":{"rendered":"\n<p><strong>Materiales y Reciclados Reusa<\/strong> una empresa dedicada a la <strong>recolecci\u00f3n, acarreo, traslado, procesamiento y reciclaje de pl\u00e1sticos y otros materiales reutilizables<\/strong>, comprometida con la sostenibilidad ambiental y la econom\u00eda circular.<\/p>\n\n\n\n<p>Ofrecemos soluciones integrales para la gesti\u00f3n responsable de residuos, enfoc\u00e1ndonos en transformar materiales desechables en recursos valiosos, reduciendo as\u00ed el impacto ambiental y fomentando pr\u00e1cticas ecoamigables en empresas, industrias y comunidades.<\/p>\n\n\n\n<p><strong>Compromiso Ambiental:<\/strong><br>Nuestra misi\u00f3n es promover una cultura de reciclaje y contribuir activamente a la protecci\u00f3n del medio ambiente, mediante procesos eficientes, seguros y certificados.<\/p>\n","protected":false},"excerpt":{"rendered":"<p>Materiales y Reciclados Reusa una empresa dedicada a la recolecci\u00f3n, acarreo, traslado, procesamiento y reciclaje de pl\u00e1sticos y otros materiales reutilizables, comprometida con la sostenibilidad ambiental y la econom\u00eda circular. Ofrecemos soluciones integrales para la gesti\u00f3n responsable de residuos, enfoc\u00e1ndonos en transformar materiales desechables en recursos valiosos, reduciendo as\u00ed el impacto ambiental y fomentando pr\u00e1cticas [&hellip;]<\/p>\n","protected":false},"author":1,"featured_media":0,"parent":0,"menu_order":0,"comment_status":"closed","ping_status":"closed","template":"","meta":{"footnotes":""},"class_list":["post-19","page","type-page","status-publish","hentry"],"_links":{"self":[{"href":"https:\/\/recicladosreusa.com\/index.php?rest_route=\/wp\/v2\/pages\/19","targetHints":{"allow":["GET"]}}],"collection":[{"href":"https:\/\/recicladosreusa.com\/index.php?rest_route=\/wp\/v2\/pages"}],"about":[{"href":"https:\/\/recicladosreusa.com\/index.php?rest_route=\/wp\/v2\/types\/page"}],"author":[{"embeddable":true,"href":"https:\/\/recicladosreusa.com\/index.php?rest_route=\/wp\/v2\/users\/1"}],"replies":[{"embeddable":true,"href":"https:\/\/recicladosreusa.com\/index.php?rest_route=%2Fwp%2Fv2%2Fcomments&post=19"}],"version-history":[{"count":3,"href":"https:\/\/recicladosreusa.com\/index.php?rest_route=\/wp\/v2\/pages\/19\/revisions"}],"predecessor-version":[{"id":43,"href":"https:\/\/recicladosreusa.com\/index.php?rest_route=\/wp\/v2\/pages\/19\/revisions\/43"}],"wp:attachment":[{"href":"https:\/\/recicladosreusa.com\/index.php?rest_route=%2Fwp%2Fv2%2Fmedia&parent=19"}],"curies":[{"name":"wp","href":"https:\/\/api.w.org\/{rel}","templated":true}]}}